{"id":261,"date":"2024-01-16T13:14:25","date_gmt":"2024-01-16T13:14:25","guid":{"rendered":"https:\/\/quisqueyaplazanyc.org\/?page_id=261"},"modified":"2024-03-05T15:36:14","modified_gmt":"2024-03-05T15:36:14","slug":"privacy-policy","status":"publish","type":"page","link":"https:\/\/quisqueyaplazanyc.org\/es\/privacy-policy\/","title":{"rendered":"pol\u00edtica de privacidad"},"content":{"rendered":"<p>Quisqueya Plaza (\u201cnosotros\u201d, \u201cnos\u201d) respeta su privacidad y se compromete a proteger cualquier informaci\u00f3n personal (\u201cInformaci\u00f3n personal\u201d) que usted nos proporcione. Hemos creado esta Pol\u00edtica de Privacidad (esta \u201cPol\u00edtica\u201d) para explicar qu\u00e9 informaci\u00f3n recopilamos sobre usted y qu\u00e9 hacemos con ella. Nos reservamos el derecho de modificar esta Pol\u00edtica en cualquier momento y sin previo aviso, pero publicaremos cualquier pol\u00edtica nueva aqu\u00ed. Tenga en cuenta que esta Pol\u00edtica se aplica a los sitios web de Quisqueya Plaza. Al usar o navegar por nuestros sitios web, usted reconoce que ha le\u00eddo, comprende y acepta estar sujeto a esta Pol\u00edtica o cualquier pol\u00edtica modificada o sustituida tal como se public\u00f3, y acepta la recopilaci\u00f3n de su Informaci\u00f3n personal como se describe en este documento. Si tiene alguna pregunta con respecto a esta Pol\u00edtica, cont\u00e1ctenos a Info@quisqueyaplaza.com. Si no est\u00e1 de acuerdo con estos t\u00e9rminos, no utilice ni visite nuestros sitios web.<\/p>\n\n\n\n<p>Qu\u00e9 informaci\u00f3n personal recopilamos y c\u00f3mo se utiliza<\/p>\n\n\n\n<p>Usted tiene el control completo sobre su informaci\u00f3n personal. En general, puede visitar nuestro sitio web sin proporcionarnos ninguna Informaci\u00f3n Personal. Sin embargo, para utilizar ciertas funciones de nuestros sitios web, como nuestras listas de correo, debe proporcionarnos informaci\u00f3n como su nombre, direcci\u00f3n de correo electr\u00f3nico, direcci\u00f3n postal y n\u00famero de tel\u00e9fono. Generalmente recopilamos esta informaci\u00f3n en nuestros formularios de registro cuando se registra para recibir servicios o, opcionalmente, participar en ciertos aspectos de nuestro sitio web. Tambi\u00e9n podemos recopilar informaci\u00f3n de encuestas en l\u00ednea opcionales, como edad, sexo y nivel de ingresos. No recopilamos intencionalmente ninguna informaci\u00f3n de ninguna persona menor de 18 a\u00f1os y nos reservamos el derecho de rechazar cualquier Informaci\u00f3n personal enviada por (y rechazar ciertos servicios o acceso a ciertas funciones del sitio web) a cualquier persona que sepamos que tiene menos de 18 a\u00f1os. .<\/p>\n\n\n\n<p>Recopilamos direcciones IP, tipos de navegadores e informaci\u00f3n demogr\u00e1fica an\u00f3nima (como c\u00f3digos postales) y podemos utilizar estos datos para la administraci\u00f3n del sistema, resoluci\u00f3n de problemas y para examinar las tendencias generales del tr\u00e1fico. Se puede compartir informaci\u00f3n demogr\u00e1fica an\u00f3nima con anunciantes e investigadores de mercado de forma agregada.<\/p>\n\n\n\n<p>Utilizamos la informaci\u00f3n personal que usted nos proporciona para brindarle informaci\u00f3n sobre nosotros y algunos de nuestros socios y compa\u00f1\u00edas de terceros en las que ha expresado inter\u00e9s, y para comunicarnos con usted cuando sea necesario.<\/p>\n\n\n\n<p>Galletas<\/p>\n\n\n\n<p>Nuestro sitio web puede utilizar una cookie, un peque\u00f1o archivo de datos almacenado en su computadora, para personalizar partes de nuestro sitio seg\u00fan sus preferencias. La cookie por s\u00ed sola no nos dice a nosotros ni a nadie m\u00e1s qui\u00e9n es usted, cu\u00e1l es su direcci\u00f3n de correo electr\u00f3nico ni ning\u00fan otro dato personal. Si elige configurar su navegador para que rechace todas las cookies, comprenda que es posible que tenga acceso limitado a algunas de las \u00e1reas y funcionalidades de nuestro sitio web.<\/p>\n\n\n\n<p>Optar por no participar<\/p>\n\n\n\n<p>Si en alg\u00fan momento desea dejar de recibir correspondencia para la cual se ha registrado previamente, simplemente siga las instrucciones para cancelar la suscripci\u00f3n que aparecen en nuestra correspondencia. Adem\u00e1s, puede solicitar la eliminaci\u00f3n de su Informaci\u00f3n personal de nuestra base de datos en cualquier momento enviando un correo electr\u00f3nico a&nbsp;<a href=\"mailto:info@timessquarenyc.org\">Informaci\u00f3n<\/a>@Quisqueyaplaza.com o correo regular a Quisqueya Plaza, atenci\u00f3n: Director Ejecutivo, 247 Dyckman Street New York, NY 10034.<\/p>\n\n\n\n<p>Divulgaci\u00f3n de informaci\u00f3n personal a otros<\/p>\n\n\n\n<p>En algunos casos, y s\u00f3lo con su permiso previo, compartiremos Informaci\u00f3n personal con empresas de terceros que pueden ofrecer productos o servicios en los que creemos que puede estar interesado. Tambi\u00e9n podemos compartir Informaci\u00f3n personal con terceros con quienes nos asociamos para copromocionar y administrar concursos en nuestro sitio web.<\/p>\n\n\n\n<p>Adem\u00e1s, es posible que necesitemos divulgar su informaci\u00f3n personal cuando lo exija la ley y cuando creamos de buena fe que dicha acci\u00f3n es necesaria para cumplir con un procedimiento judicial, una orden judicial o un proceso legal que se nos haya presentado a nosotros o a nuestro sitio web.<\/p>\n\n\n\n<p>Enlaces externos<\/p>\n\n\n\n<p>Como servicio para usted, nuestro sitio web puede contener anuncios publicitarios y enlaces a otros sitios web de terceros. Al hacer clic en un anuncio u otro enlace, ser\u00e1 redirigido fuera de nuestro sitio web a sitios web de terceros. Esta Pol\u00edtica no se aplica a dichos sitios web y no somos responsables de las pol\u00edticas de privacidad de dichos sitios web. Le recomendamos que lea las declaraciones de privacidad de estos sitios web vinculados, ya que sus pol\u00edticas de privacidad pueden diferir de las nuestras.<\/p>\n\n\n\n<p>Consulte tambi\u00e9n nuestros T\u00e9rminos de uso, que describen el uso, las exenciones de responsabilidad, la indemnizaci\u00f3n y la limitaci\u00f3n de responsabilidad que rigen el uso de todo nuestro sitio web.<\/p>\n\n\n\n<p>Condiciones de uso<\/p>\n\n\n\n<p>Al utilizar este sitio web (el &quot;Sitio&quot;), usted acepta y cumple con los t\u00e9rminos y condiciones de uso que se indican a continuaci\u00f3n (los &quot;T\u00e9rminos de uso&quot;), que pueden ser actualizados por Quisqueya Plaza (&quot;nosotros&quot;, &quot; nosotros\u201d) de vez en cuando sin previo aviso. Debe visitar esta p\u00e1gina peri\u00f3dicamente para revisar los T\u00e9rminos de uso vigentes en ese momento. Podemos, a nuestro exclusivo criterio, cancelar su acceso al Sitio en cualquier momento y sin previo aviso, incluso, entre otros, debido a cualquier violaci\u00f3n por su parte de estos T\u00e9rminos de uso.<\/p>\n\n\n\n<p>Derecho limitado de uso\/propiedad de los contenidos<\/p>\n\n\n\n<p>Los contenidos del Sitio est\u00e1n destinados al uso personal y no comercial de sus usuarios. Todos los materiales publicados en el Sitio (los \u201cContenidos\u201d) est\u00e1n protegidos por derechos de autor, marcas registradas y todas las dem\u00e1s leyes de propiedad intelectual aplicables, y son propiedad o est\u00e1n controlados por Quisqueya Plaza o la otra parte acreditada como proveedora de dichos Contenidos.<\/p>\n\n\n\n<p>Excepto lo establecido espec\u00edficamente en estos T\u00e9rminos de uso, no puede modificar, adaptar, traducir, exhibir, publicar, transmitir, participar en la transferencia o venta, crear trabajos derivados de, distribuir, realizar, exhibir, realizar ingenier\u00eda inversa, descompilar o disimular o explotar de cualquier forma cualquier Contenido o software que forme parte del Sitio, en su totalidad o en parte.<\/p>\n\n\n\n<p>Nos reservamos el derecho de volver a publicar cualquier material aportado por nuestros lectores. Al publicar un mensaje en cualquier \u00e1rea p\u00fablica del Sitio o enviarnos cualquier correspondencia, usted nos otorga expresamente una licencia global no exclusiva para publicar, reproducir, vender, divulgar, distribuir o utilizar dicho material para cualquier prop\u00f3sito. Por la presente, usted nos otorga adem\u00e1s el derecho global no exclusivo de utilizar cualquier idea, concepto o t\u00e9cnica incorporada en dichos materiales para cualquier prop\u00f3sito. Adem\u00e1s, por la presente usted renuncia a todos y cada uno de los derechos morales que pueda tener sobre dichos materiales. Adem\u00e1s, por la presente nos autoriza a editar y modificar dicho material antes de nuestro uso, publicaci\u00f3n, distribuci\u00f3n, venta, reproducci\u00f3n o divulgaci\u00f3n del mismo. Se considerar\u00e1 que todo ese material nos ha sido proporcionado de forma no confidencial y sin derechos de propiedad. El material protegido por derechos de autor no se puede enviar sin el permiso del propietario de los derechos de autor, y usted es el \u00fanico responsable de no obtener dicho permiso.<\/p>\n\n\n\n<p>pol\u00edtica de privacidad<\/p>\n\n\n\n<p>La informaci\u00f3n y los datos proporcionados por usted est\u00e1n sujetos a nuestra Pol\u00edtica de Privacidad. Esta pol\u00edtica, actualizada peri\u00f3dicamente, se puede encontrar aqu\u00ed.<\/p>\n\n\n\n<p>Modificaciones al Sitio<\/p>\n\n\n\n<p>Nos reservamos el derecho de vez en cuando a realizar modificaciones y cambios en el Sitio, lo que incluye, entre otros, descontinuar, temporal o permanentemente, cualquier servicio ofrecido por nosotros o a trav\u00e9s del Sitio, con o sin previo aviso. Usted acepta que no seremos responsables ante usted ni ante ninguna otra parte por los cambios y modificaciones del Sitio.<\/p>\n\n\n\n<p>Sus representaciones y garant\u00edas<\/p>\n\n\n\n<p>Usted declara, garantiza y acuerda que ning\u00fan material de ning\u00fan tipo enviado por usted o nuestro uso del mismo de acuerdo con estos T\u00e9rminos de uso: (i) violar\u00e1, plagiar\u00e1 o infringir\u00e1 los derechos de terceros, incluidos, entre otros, derechos de autor, marcas comerciales , privacidad o publicidad, derechos morales, contratos u otros derechos personales o de propiedad; (ii) contener material ilegal; (iii) constituyan indicaciones de origen o declaraci\u00f3n de hecho falsas o enga\u00f1osas; (iv) calumniar, injuriar o difamar a cualquier persona o entidad; (v) causar da\u00f1o de cualquier tipo a cualquier persona o entidad; o (vi) violar cualquier ley, norma, regulaci\u00f3n u otra orden gubernamental aplicable.<\/p>\n\n\n\n<p>Indemnizaci\u00f3n<\/p>\n\n\n\n<p>Al acceder y\/o utilizar el Sitio, usted acepta indemnizar, defender y eximir a Quisqueya Plaza, la Ciudad de Nueva York y sus respectivos funcionarios, directores, empleados, miembros, agentes, proveedores de informaci\u00f3n, afiliados, licenciantes y licenciatarios (colectivamente, las \u201cPartes Indemnizadas\u201d) de toda responsabilidad y costos, incluidos, entre otros, honorarios y gastos razonables de abogados, incurridos por las Partes Indemnizadas en relaci\u00f3n con cualquier reclamo que surja o incumpla con usted estos T\u00e9rminos de Uso o los representaciones, garant\u00edas y convenios que usted considere realizados en virtud del presente. Usted acepta cooperar tan plenamente como sea razonablemente necesario en la defensa de cualquier reclamo. Nos reservamos el derecho, por nuestra cuenta, de asumir la defensa y el control exclusivos de cualquier asunto sujeto a indemnizaci\u00f3n por su parte. No celebrar\u00e1 ning\u00fan acuerdo de conciliaci\u00f3n que afecte los derechos de cualquiera de las Partes indemnizadas o requiera la adopci\u00f3n de alguna medida por parte de cualquiera de ellas, sin nuestra aprobaci\u00f3n previa por escrito.<\/p>\n\n\n\n<p>Limitaci\u00f3n de responsabilidad<\/p>\n\n\n\n<p>Usted comprende y acepta expresamente que:<br>SU USO DEL SITIO ES BAJO SU PROPIO RIESGO. LOS SERVICIOS PROPORCIONADOS A TRAV\u00c9S DEL SITIO SE PROPORCIONAN &quot;TAL CUAL&quot;, &quot;SEG\u00daN DISPONIBILIDAD&quot;. RENUNCIAMOS EXPRESAMENTE A TODA GARANT\u00cdA DE CUALQUIER TIPO, YA SEA EXPRESA O IMPL\u00cdCITA, INCLUYENDO, PERO NO LIMITADO A, LAS GARANT\u00cdAS IMPL\u00cdCITAS DE COMERCIABILIDAD, IDONEIDAD PARA UN PROP\u00d3SITO PARTICULAR Y NO INFRACCI\u00d3N.<\/p>\n\n\n\n<p>NO OFRECEMOS NINGUNA GARANT\u00cdA DE QUE CUALQUIER SERVICIO PROPORCIONADO A TRAV\u00c9S DEL SITIO (i) SATISFAR\u00c1 CUALQUIERA DE SUS REQUISITOS, (ii) SER\u00c1 OPORTUNO, SEGURO, ININTERRUMPIDO O LIBRE DE ERRORES U OMISI\u00d3N, (iii) PROPORCIONAR\u00c1 RESULTADOS O INFORMACI\u00d3N QUE SER\u00c1N \u00daTILES Y EXACTOS O CONFIABLE, NI QUE SE CORRIJA NING\u00daN ERROR EN EL FUNCIONAMIENTO DEL SITIO, INCLUYENDO EL FUNCIONAMIENTO DE CUALQUIER SOFTWARE.<\/p>\n\n\n\n<p>POR LA PRESENTE RENUNCIA EXPRESAMENTE A CUALQUIER RESPONSABILIDAD POR EL CONTENIDO Y LAS POL\u00cdTICAS DE CUALQUIER SITIO WEB DE TERCEROS AL QUE PUEDA ESTAR ENLACE EN EL SITIO. CUALQUIER MATERIAL DESCARGADO U OBTENIDO DE OTRA MANERA A TRAV\u00c9S DEL SITIO SE REALIZA BAJO SU PROPIO RIESGO Y USTED SER\u00c1 EL \u00daNICO RESPONSABLE DE CUALQUIER DA\u00d1O A SU SISTEMA INFORM\u00c1TICO O CUALQUIER COMPONENTE CONECTADO AL MISMO, O P\u00c9RDIDA DE DATOS QUE RESULTE DE LA DESCARGA (INTENCIONAL O DE OTRA MANERA) DE CUALQUIER TAL MATERIAL.<\/p>\n\n\n\n<p>USTED ENTIENDE Y ACEPTA EXPRESAMENTE QUE QUISQUEYA PLAZA Y LA CIUDAD DE NUEVA YORK NO SER\u00c1N RESPONSABLES ANTE USTED POR NING\u00daN DA\u00d1O QUE SURJA O EST\u00c9 RELACIONADO DE ALGUNA MANERA CON SU USO DEL SITIO O LOS SERVICIOS PROPORCIONADOS A TRAV\u00c9S DEL SITIO, YA SEA QUE TALES DA\u00d1OS SON DIRECTOS , INDIRECTO, INCIDENTAL O DE OTRA MANERA, INCLUYENDO, PERO NO LIMITADO A, P\u00c9RDIDA DE GANANCIAS, P\u00c9RDIDA DE AHORROS, P\u00c9RDIDA DE OPORTUNIDADES, P\u00c9RDIDA DE VENTAS, P\u00c9RDIDA DE BUENA VOLUNTAD O REPUTACI\u00d3N, O CUALQUIER OTRA P\u00c9RDIDA INTANGIBLE, Y YA SURJA DE TEOR\u00cdAS DE CONTRATO, AGRAVIO O DE OTRA MANERA, Y INDEPENDIENTEMENTE DE SI QUISQUEYA PLAZA Y LA CIUDAD DE NUEVA YORK HA SIDO INFORMADA DE LA POSIBILIDAD DE TALES P\u00c9RDIDAS.<\/p>\n\n\n\n<p>Miscel\u00e1neas<\/p>\n\n\n\n<p>Estos T\u00e9rminos de uso constituyen el acuerdo completo entre usted y Quisqueya Plaza y rigen su uso del Sitio y cualquier servicio ofrecido a trav\u00e9s del Sitio. Este acuerdo reemplaza cualquier t\u00e9rmino de uso anterior u otros acuerdos relacionados con el tema del presente entre usted y Quisqueya Plaza. Estos T\u00e9rminos de uso y la relaci\u00f3n entre usted y Quisqueya Plaza se regir\u00e1n, interpretar\u00e1n y aplicar\u00e1n de acuerdo con las leyes del Estado de Nueva York, sin tener en cuenta sus disposiciones sobre conflicto de leyes. Usted acepta someterse a la jurisdicci\u00f3n personal y exclusiva de los tribunales federales y estatales ubicados dentro del condado, la ciudad y el estado de Nueva York para la resoluci\u00f3n de cualquier disputa que surja de estos o est\u00e9 relacionada con ellos.<\/p>\n\n\n\n<p>T\u00e9rminos de uso del sitio<\/p>\n\n\n\n<p>Usted acepta que, salvo que se indique expresamente en este documento, no habr\u00e1 terceros beneficiarios de estos T\u00e9rminos de uso y los acuerdos contenidos en este documento. El hecho de que no ejerzamos o hagamos cumplir cualquier derecho o disposici\u00f3n de estos T\u00e9rminos de uso no constituir\u00e1 una renuncia a dicho derecho o disposici\u00f3n, y ninguna renuncia ser\u00e1 ejecutable a menos que est\u00e9 escrita y firmada por la parte contra quien se busca la ejecuci\u00f3n.<\/p>\n\n\n\n<p>Si un tribunal de jurisdicci\u00f3n competente determina que alguna disposici\u00f3n de estos T\u00e9rminos de uso no es v\u00e1lida, los dem\u00e1s t\u00e9rminos y condiciones de estos T\u00e9rminos de uso permanecer\u00e1n en pleno vigor y efecto. Los encabezados de estos T\u00e9rminos de uso son solo para su conveniencia y no tienen ning\u00fan efecto legal o contractual.<\/p>","protected":false},"excerpt":{"rendered":"<p>Quisqueya Plaza (\u201cnosotros\u201d) respeta su privacidad y se compromete a proteger cualquier informaci\u00f3n personal (\u201cInformaci\u00f3n personal\u201d) que nos proporcione. Hemos creado esta Pol\u00edtica de privacidad (esta \u201cPol\u00edtica\u201d) para explicar qu\u00e9 informaci\u00f3n recopilamos sobre usted y qu\u00e9 hacemos con ella. Nos reservamos el derecho de modificar esta Pol\u00edtica en cualquier momento [\u2026]<\/p>","protected":false},"author":1,"featured_media":0,"parent":0,"menu_order":0,"comment_status":"closed","ping_status":"closed","template":"privacy-page.php","meta":{"_acf_changed":false,"footnotes":""},"class_list":["post-261","page","type-page","status-publish","hentry"],"acf":[],"yoast_head":"<!-- This site is optimized with the Yoast SEO plugin v25.4 - https:\/\/yoast.com\/wordpress\/plugins\/seo\/ -->\n<title>Privacy Policy - Quisqueya Plaza<\/title>\n<meta name=\"robots\" content=\"index, follow, max-snippet:-1, max-image-preview:large, max-video-preview:-1\" \/>\n<link rel=\"canonical\" href=\"https:\/\/quisqueyaplazanyc.org\/es\/privacy-policy\/\" \/>\n<meta property=\"og:locale\" content=\"es_ES\" \/>\n<meta property=\"og:type\" content=\"article\" \/>\n<meta property=\"og:title\" content=\"Privacy Policy - Quisqueya Plaza\" \/>\n<meta property=\"og:description\" content=\"Quisqueya Plaza (&#8220;we&#8221;, &#8220;us&#8221;) respects your privacy and is committed to protecting any personal information (&#8220;Personal Information&#8221;) that you provide to us. We have created this Privacy Policy (this &#8220;Policy&#8221;) to explain what information we collect about you and what we do with it. We reserve the right to modify this Policy at any time [&hellip;]\" \/>\n<meta property=\"og:url\" content=\"https:\/\/quisqueyaplazanyc.org\/es\/privacy-policy\/\" \/>\n<meta property=\"og:site_name\" content=\"Quisqueya Plaza\" \/>\n<meta property=\"article:modified_time\" content=\"2024-03-05T15:36:14+00:00\" \/>\n<meta name=\"twitter:card\" content=\"summary_large_image\" \/>\n<meta name=\"twitter:label1\" content=\"Tiempo de lectura\" \/>\n\t<meta name=\"twitter:data1\" content=\"10 minutos\" \/>\n<script type=\"application\/ld+json\" class=\"yoast-schema-graph\">{\"@context\":\"https:\/\/schema.org\",\"@graph\":[{\"@type\":\"WebPage\",\"@id\":\"https:\/\/quisqueyaplazanyc.org\/privacy-policy\/\",\"url\":\"https:\/\/quisqueyaplazanyc.org\/privacy-policy\/\",\"name\":\"Privacy Policy - Quisqueya Plaza\",\"isPartOf\":{\"@id\":\"https:\/\/quisqueyaplazanyc.org\/#website\"},\"datePublished\":\"2024-01-16T13:14:25+00:00\",\"dateModified\":\"2024-03-05T15:36:14+00:00\",\"breadcrumb\":{\"@id\":\"https:\/\/quisqueyaplazanyc.org\/privacy-policy\/#breadcrumb\"},\"inLanguage\":\"es\",\"potentialAction\":[{\"@type\":\"ReadAction\",\"target\":[\"https:\/\/quisqueyaplazanyc.org\/privacy-policy\/\"]}]},{\"@type\":\"BreadcrumbList\",\"@id\":\"https:\/\/quisqueyaplazanyc.org\/privacy-policy\/#breadcrumb\",\"itemListElement\":[{\"@type\":\"ListItem\",\"position\":1,\"name\":\"Home\",\"item\":\"https:\/\/quisqueyaplazanyc.org\/\"},{\"@type\":\"ListItem\",\"position\":2,\"name\":\"Privacy Policy\"}]},{\"@type\":\"WebSite\",\"@id\":\"https:\/\/quisqueyaplazanyc.org\/#website\",\"url\":\"https:\/\/quisqueyaplazanyc.org\/\",\"name\":\"Quisqueya Plaza\",\"description\":\"\",\"publisher\":{\"@id\":\"https:\/\/quisqueyaplazanyc.org\/#organization\"},\"potentialAction\":[{\"@type\":\"SearchAction\",\"target\":{\"@type\":\"EntryPoint\",\"urlTemplate\":\"https:\/\/quisqueyaplazanyc.org\/?s={search_term_string}\"},\"query-input\":{\"@type\":\"PropertyValueSpecification\",\"valueRequired\":true,\"valueName\":\"search_term_string\"}}],\"inLanguage\":\"es\"},{\"@type\":\"Organization\",\"@id\":\"https:\/\/quisqueyaplazanyc.org\/#organization\",\"name\":\"Quisqueya Plaza\",\"url\":\"https:\/\/quisqueyaplazanyc.org\/\",\"logo\":{\"@type\":\"ImageObject\",\"inLanguage\":\"es\",\"@id\":\"https:\/\/quisqueyaplazanyc.org\/#\/schema\/logo\/image\/\",\"url\":\"https:\/\/quisqueyaplazanyc.org\/wp-content\/uploads\/2024\/02\/logo-color.png\",\"contentUrl\":\"https:\/\/quisqueyaplazanyc.org\/wp-content\/uploads\/2024\/02\/logo-color.png\",\"width\":352,\"height\":80,\"caption\":\"Quisqueya Plaza\"},\"image\":{\"@id\":\"https:\/\/quisqueyaplazanyc.org\/#\/schema\/logo\/image\/\"},\"sameAs\":[\"https:\/\/www.instagram.com\/quisqueyaplazanyc\"]}]}<\/script>\n<!-- \/ Yoast SEO plugin. -->","yoast_head_json":{"title":"Privacy Policy - Quisqueya Plaza","robots":{"index":"index","follow":"follow","max-snippet":"max-snippet:-1","max-image-preview":"max-image-preview:large","max-video-preview":"max-video-preview:-1"},"canonical":"https:\/\/quisqueyaplazanyc.org\/es\/privacy-policy\/","og_locale":"es_ES","og_type":"article","og_title":"Privacy Policy - Quisqueya Plaza","og_description":"Quisqueya Plaza (&#8220;we&#8221;, &#8220;us&#8221;) respects your privacy and is committed to protecting any personal information (&#8220;Personal Information&#8221;) that you provide to us. We have created this Privacy Policy (this &#8220;Policy&#8221;) to explain what information we collect about you and what we do with it. We reserve the right to modify this Policy at any time [&hellip;]","og_url":"https:\/\/quisqueyaplazanyc.org\/es\/privacy-policy\/","og_site_name":"Quisqueya Plaza","article_modified_time":"2024-03-05T15:36:14+00:00","twitter_card":"summary_large_image","twitter_misc":{"Tiempo de lectura":"10 minutos"},"schema":{"@context":"https:\/\/schema.org","@graph":[{"@type":"WebPage","@id":"https:\/\/quisqueyaplazanyc.org\/privacy-policy\/","url":"https:\/\/quisqueyaplazanyc.org\/privacy-policy\/","name":"Privacy Policy - Quisqueya Plaza","isPartOf":{"@id":"https:\/\/quisqueyaplazanyc.org\/#website"},"datePublished":"2024-01-16T13:14:25+00:00","dateModified":"2024-03-05T15:36:14+00:00","breadcrumb":{"@id":"https:\/\/quisqueyaplazanyc.org\/privacy-policy\/#breadcrumb"},"inLanguage":"es","potentialAction":[{"@type":"ReadAction","target":["https:\/\/quisqueyaplazanyc.org\/privacy-policy\/"]}]},{"@type":"BreadcrumbList","@id":"https:\/\/quisqueyaplazanyc.org\/privacy-policy\/#breadcrumb","itemListElement":[{"@type":"ListItem","position":1,"name":"Home","item":"https:\/\/quisqueyaplazanyc.org\/"},{"@type":"ListItem","position":2,"name":"Privacy Policy"}]},{"@type":"WebSite","@id":"https:\/\/quisqueyaplazanyc.org\/#website","url":"https:\/\/quisqueyaplazanyc.org\/","name":"Quisqueya Plaza","description":"","publisher":{"@id":"https:\/\/quisqueyaplazanyc.org\/#organization"},"potentialAction":[{"@type":"SearchAction","target":{"@type":"EntryPoint","urlTemplate":"https:\/\/quisqueyaplazanyc.org\/?s={search_term_string}"},"query-input":{"@type":"PropertyValueSpecification","valueRequired":true,"valueName":"search_term_string"}}],"inLanguage":"es"},{"@type":"Organization","@id":"https:\/\/quisqueyaplazanyc.org\/#organization","name":"Quisqueya Plaza","url":"https:\/\/quisqueyaplazanyc.org\/","logo":{"@type":"ImageObject","inLanguage":"es","@id":"https:\/\/quisqueyaplazanyc.org\/#\/schema\/logo\/image\/","url":"https:\/\/quisqueyaplazanyc.org\/wp-content\/uploads\/2024\/02\/logo-color.png","contentUrl":"https:\/\/quisqueyaplazanyc.org\/wp-content\/uploads\/2024\/02\/logo-color.png","width":352,"height":80,"caption":"Quisqueya Plaza"},"image":{"@id":"https:\/\/quisqueyaplazanyc.org\/#\/schema\/logo\/image\/"},"sameAs":["https:\/\/www.instagram.com\/quisqueyaplazanyc"]}]}},"_links":{"self":[{"href":"https:\/\/quisqueyaplazanyc.org\/es\/wp-json\/wp\/v2\/pages\/261","targetHints":{"allow":["GET"]}}],"collection":[{"href":"https:\/\/quisqueyaplazanyc.org\/es\/wp-json\/wp\/v2\/pages"}],"about":[{"href":"https:\/\/quisqueyaplazanyc.org\/es\/wp-json\/wp\/v2\/types\/page"}],"author":[{"embeddable":true,"href":"https:\/\/quisqueyaplazanyc.org\/es\/wp-json\/wp\/v2\/users\/1"}],"replies":[{"embeddable":true,"href":"https:\/\/quisqueyaplazanyc.org\/es\/wp-json\/wp\/v2\/comments?post=261"}],"version-history":[{"count":3,"href":"https:\/\/quisqueyaplazanyc.org\/es\/wp-json\/wp\/v2\/pages\/261\/revisions"}],"predecessor-version":[{"id":426,"href":"https:\/\/quisqueyaplazanyc.org\/es\/wp-json\/wp\/v2\/pages\/261\/revisions\/426"}],"wp:attachment":[{"href":"https:\/\/quisqueyaplazanyc.org\/es\/wp-json\/wp\/v2\/media?parent=261"}],"curies":[{"name":"wp","href":"https:\/\/api.w.org\/{rel}","templated":true}]}}